{"id":94,"date":"2020-11-25T11:16:05","date_gmt":"2020-11-25T14:16:05","guid":{"rendered":"https:\/\/motelcarinhoso.com.br\/?page_id=94"},"modified":"2025-09-09T20:49:23","modified_gmt":"2025-09-09T23:49:23","slug":"executiva","status":"publish","type":"page","link":"https:\/\/motelcarinhoso.com.br\/?page_id=94","title":{"rendered":"Executiva"},"content":{"rendered":"\n\n  <div class=\"banner has-hover\" id=\"banner-1317481101\">\n          <div class=\"banner-inner fill\">\n        <div class=\"banner-bg fill\" >\n            <img loading=\"lazy\" decoding=\"async\" width=\"1020\" height=\"574\" src=\"https:\/\/motelcarinhoso.com.br\/wp-content\/uploads\/2020\/11\/07-1-1400x788.jpg\" class=\"bg attachment-large size-large\" alt=\"\" \/>                        <div class=\"overlay\"><\/div>            \n                    <\/div>\n\t\t\n        <div class=\"banner-layers container\">\n            <div class=\"fill banner-link\"><\/div>            \n\n\n        <\/div>\n      <\/div>\n\n            \n<style>\n#banner-1317481101 {\n  padding-top: 350px;\n}\n#banner-1317481101 .overlay {\n  background-color: rgba(0,0,0,.5);\n}\n#banner-1317481101 .banner-bg img {\n  object-position: 51% 75%;\n}\n<\/style>\n  <\/div>\n\n\n\n\t<section class=\"section\" id=\"section_629202585\">\n\t\t<div class=\"section-bg fill\" >\n\t\t\t\t\t\t\t\t\t\n\t\t\t\n\n\t\t<\/div>\n\n\t\t\n\n\t\t<div class=\"section-content relative\">\n\t\t\t\n\n\t<div id=\"gap-495187733\" class=\"gap-element clearfix\" style=\"display:block; height:auto;\">\n\t\t\n<style>\n#gap-495187733 {\n  padding-top: 40px;\n}\n<\/style>\n\t<\/div>\n\t\n\n<div class=\"row align-center\"  id=\"row-1434228069\">\n\n\n\t<div id=\"col-1524772506\" class=\"col medium-4 small-10 large-4\"  >\n\t\t\t\t<div class=\"col-inner\"  >\n\t\t\t\n\t\t\t\n\n<h1 class=\"uppercase\"><span style=\"font-size: 150%;\">SU\u00cdTES<br \/>EXECUTIVA<\/span><\/h1>\n<a href=\"https:\/\/motelcarinhoso.com.br\/?page_id=114\" class=\"button primary is-link\" >\n\t\t<span>CURTIU? ENTRE EM CONTATO!<\/span>\n\t<\/a>\n\n\n\n\t\t<\/div>\n\t\t\t\t\t<\/div>\n\n\t\n\n\t<div id=\"col-1974754792\" class=\"col medium-8 small-10 large-8\"  >\n\t\t\t\t<div class=\"col-inner\"  >\n\t\t\t\n\t\t\t\n\n<p style=\"font-size: 120%;\">Nossa Su\u00edte EXECUTIVA, banheira de hidromassagem, sauna a vapor, frigobar, cine-priv\u00ea, som, ar condicionado, e uma linda decora\u00e7\u00e3o.<\/p>\n<p>Consulte nossos pre\u00e7os, promo\u00e7\u00f5es, per\u00edodos e pernoites!<\/p>\n\n\t\t<\/div>\n\t\t\t\t\t<\/div>\n\n\t\n\n<\/div>\n  <style>\n    #gallery-956440311 .grid-col-1{height: 600px}\n    #gallery-956440311 .grid-col-1-2{height: 300px}\n    #gallery-956440311 .grid-col-1-3{height:200px}\n    #gallery-956440311 .grid-col-2-3{height: 400px}\n    #gallery-956440311 .grid-col-1-4{height: 150px}\n    #gallery-956440311 .grid-col-3-4{height: 450px}\n\n\n        \/* Tablet *\/\n    @media (max-width: 850px){\n      #gallery-956440311 .grid-col-1{height: 400px}\n      #gallery-956440311 .grid-col-1-2{height: 200px}\n      #gallery-956440311 .grid-col-1-3{height:133.33333333333px}\n      #gallery-956440311 .grid-col-2-3{height: 266.66666666667px}\n      #gallery-956440311 .grid-col-1-4{height: 100px}\n      #gallery-956440311 .grid-col-3-4{height: 300px}\n    }\n    \n        \/* Mobile *\/\n    @media (max-width: 550px){\n      #gallery-956440311 .grid-col-1{height: 400px}\n      #gallery-956440311 .grid-col-1-2{height: 200px}\n      #gallery-956440311 .grid-col-1-3{height:133.33333333333px}\n      #gallery-956440311 .grid-col-2-3{height: 266.66666666667px}\n      #gallery-956440311 .grid-col-1-4{height: 100px}\n      #gallery-956440311 .grid-col-3-4{height: 300px}\n    }\n    \n\n  <\/style>\n  \n  \n    <div id=\"gallery-956440311\" class=\"row row-grid\" data-packery-options='{\"itemSelector\": \".col\", \"gutter\": 0, \"presentageWidth\" : true}'>\n\n  <div class=\"gallery-col col grid-col grid-col-1 large-6 medium-12\" >\n          <div class=\"col-inner\">\n            <a class=\"image-lightbox lightbox-gallery\" href=\"https:\/\/motelcarinhoso.com.br\/wp-content\/uploads\/2020\/11\/07-2-1400x788.jpg\" title=\"\">            <div class=\"box has-hover gallery-box box-overlay dark box-text-center\">\n              <div class=\"box-image image-overlay-add-50\" >\n                <img loading=\"lazy\" decoding=\"async\" width=\"711\" height=\"400\" src=\"https:\/\/motelcarinhoso.com.br\/wp-content\/uploads\/2020\/11\/07-2-711x400.jpg\" class=\"attachment-medium size-medium\" alt=\"\" ids=\"98,100,99,97\" type=\"grid\" image_hover=\"overlay-add-50\" srcset=\"https:\/\/motelcarinhoso.com.br\/wp-content\/uploads\/2020\/11\/07-2-711x400.jpg 711w, https:\/\/motelcarinhoso.com.br\/wp-content\/uploads\/2020\/11\/07-2-1400x788.jpg 1400w, https:\/\/motelcarinhoso.com.br\/wp-content\/uploads\/2020\/11\/07-2-768x432.jpg 768w, https:\/\/motelcarinhoso.com.br\/wp-content\/uploads\/2020\/11\/07-2-1536x864.jpg 1536w, https:\/\/motelcarinhoso.com.br\/wp-content\/uploads\/2020\/11\/07-2-600x338.jpg 600w, https:\/\/motelcarinhoso.com.br\/wp-content\/uploads\/2020\/11\/07-2.jpg 1920w\" sizes=\"auto, (max-width: 711px) 100vw, 711px\" \/>                                  <div class=\"overlay fill\"\n                      style=\"background-color: rgba(0,0,0,.15)\">\n                  <\/div>\n                                                              <\/div>\n              <div class=\"box-text text-left dark\" >\n                 <p><\/p>\n              <\/div>\n            <\/div>\n            <\/a>          <\/div>\n         <\/div><div class=\"gallery-col col grid-col grid-col-1 large-3 medium-6\" >\n          <div class=\"col-inner\">\n            <a class=\"image-lightbox lightbox-gallery\" href=\"https:\/\/motelcarinhoso.com.br\/wp-content\/uploads\/2020\/11\/06-1-1400x788.jpg\" title=\"\">            <div class=\"box has-hover gallery-box box-overlay dark box-text-center\">\n              <div class=\"box-image image-overlay-add-50\" >\n                <img loading=\"lazy\" decoding=\"async\" width=\"711\" height=\"400\" src=\"https:\/\/motelcarinhoso.com.br\/wp-content\/uploads\/2020\/11\/06-1-711x400.jpg\" class=\"attachment-medium size-medium\" alt=\"\" ids=\"98,100,99,97\" type=\"grid\" image_hover=\"overlay-add-50\" srcset=\"https:\/\/motelcarinhoso.com.br\/wp-content\/uploads\/2020\/11\/06-1-711x400.jpg 711w, https:\/\/motelcarinhoso.com.br\/wp-content\/uploads\/2020\/11\/06-1-1400x788.jpg 1400w, https:\/\/motelcarinhoso.com.br\/wp-content\/uploads\/2020\/11\/06-1-768x432.jpg 768w, https:\/\/motelcarinhoso.com.br\/wp-content\/uploads\/2020\/11\/06-1-1536x864.jpg 1536w, https:\/\/motelcarinhoso.com.br\/wp-content\/uploads\/2020\/11\/06-1-600x338.jpg 600w, https:\/\/motelcarinhoso.com.br\/wp-content\/uploads\/2020\/11\/06-1.jpg 1920w\" sizes=\"auto, (max-width: 711px) 100vw, 711px\" \/>                                  <div class=\"overlay fill\"\n                      style=\"background-color: rgba(0,0,0,.15)\">\n                  <\/div>\n                                                              <\/div>\n              <div class=\"box-text text-left dark\" >\n                 <p><\/p>\n              <\/div>\n            <\/div>\n            <\/a>          <\/div>\n         <\/div><div class=\"gallery-col col grid-col grid-col-1-2 large-3 medium-6\" >\n          <div class=\"col-inner\">\n            <a class=\"image-lightbox lightbox-gallery\" href=\"https:\/\/motelcarinhoso.com.br\/wp-content\/uploads\/2020\/11\/02-1-1400x788.jpg\" title=\"\">            <div class=\"box has-hover gallery-box box-overlay dark box-text-center\">\n              <div class=\"box-image image-overlay-add-50\" >\n                <img loading=\"lazy\" decoding=\"async\" width=\"711\" height=\"400\" src=\"https:\/\/motelcarinhoso.com.br\/wp-content\/uploads\/2020\/11\/02-1-711x400.jpg\" class=\"attachment-medium size-medium\" alt=\"\" ids=\"98,100,99,97\" type=\"grid\" image_hover=\"overlay-add-50\" srcset=\"https:\/\/motelcarinhoso.com.br\/wp-content\/uploads\/2020\/11\/02-1-711x400.jpg 711w, https:\/\/motelcarinhoso.com.br\/wp-content\/uploads\/2020\/11\/02-1-1400x788.jpg 1400w, https:\/\/motelcarinhoso.com.br\/wp-content\/uploads\/2020\/11\/02-1-768x432.jpg 768w, https:\/\/motelcarinhoso.com.br\/wp-content\/uploads\/2020\/11\/02-1-1536x864.jpg 1536w, https:\/\/motelcarinhoso.com.br\/wp-content\/uploads\/2020\/11\/02-1-600x338.jpg 600w, https:\/\/motelcarinhoso.com.br\/wp-content\/uploads\/2020\/11\/02-1.jpg 1920w\" sizes=\"auto, (max-width: 711px) 100vw, 711px\" \/>                                  <div class=\"overlay fill\"\n                      style=\"background-color: rgba(0,0,0,.15)\">\n                  <\/div>\n                                                              <\/div>\n              <div class=\"box-text text-left dark\" >\n                 <p><\/p>\n              <\/div>\n            <\/div>\n            <\/a>          <\/div>\n         <\/div><div class=\"gallery-col col grid-col grid-col-1-2 large-3 medium-6\" >\n          <div class=\"col-inner\">\n            <a class=\"image-lightbox lightbox-gallery\" href=\"https:\/\/motelcarinhoso.com.br\/wp-content\/uploads\/2020\/11\/05-1-1400x788.jpg\" title=\"\">            <div class=\"box has-hover gallery-box box-overlay dark box-text-center\">\n              <div class=\"box-image image-overlay-add-50\" >\n                <img loading=\"lazy\" decoding=\"async\" width=\"711\" height=\"400\" src=\"https:\/\/motelcarinhoso.com.br\/wp-content\/uploads\/2020\/11\/05-1-711x400.jpg\" class=\"attachment-medium size-medium\" alt=\"\" ids=\"98,100,99,97\" type=\"grid\" image_hover=\"overlay-add-50\" srcset=\"https:\/\/motelcarinhoso.com.br\/wp-content\/uploads\/2020\/11\/05-1-711x400.jpg 711w, https:\/\/motelcarinhoso.com.br\/wp-content\/uploads\/2020\/11\/05-1-1400x788.jpg 1400w, https:\/\/motelcarinhoso.com.br\/wp-content\/uploads\/2020\/11\/05-1-768x432.jpg 768w, https:\/\/motelcarinhoso.com.br\/wp-content\/uploads\/2020\/11\/05-1-1536x864.jpg 1536w, https:\/\/motelcarinhoso.com.br\/wp-content\/uploads\/2020\/11\/05-1-600x338.jpg 600w, https:\/\/motelcarinhoso.com.br\/wp-content\/uploads\/2020\/11\/05-1.jpg 1920w\" sizes=\"auto, (max-width: 711px) 100vw, 711px\" \/>                                  <div class=\"overlay fill\"\n                      style=\"background-color: rgba(0,0,0,.15)\">\n                  <\/div>\n                                                              <\/div>\n              <div class=\"box-text text-left dark\" >\n                 <p><\/p>\n              <\/div>\n            <\/div>\n            <\/a>          <\/div>\n         <\/div><\/div>\n\n\n\t\t<\/div>\n\n\t\t\n<style>\n#section_629202585 {\n  padding-top: 30px;\n  padding-bottom: 30px;\n}\n<\/style>\n\t<\/section>\n\t\n\n","protected":false},"excerpt":{"rendered":"","protected":false},"author":1,"featured_media":0,"parent":0,"menu_order":0,"comment_status":"closed","ping_status":"closed","template":"page-blank.php","meta":{"footnotes":""},"class_list":["post-94","page","type-page","status-publish","hentry"],"_hostinger_reach_plugin_has_subscription_block":false,"_hostinger_reach_plugin_is_elementor":false,"_links":{"self":[{"href":"https:\/\/motelcarinhoso.com.br\/index.php?rest_route=\/wp\/v2\/pages\/94","targetHints":{"allow":["GET"]}}],"collection":[{"href":"https:\/\/motelcarinhoso.com.br\/index.php?rest_route=\/wp\/v2\/pages"}],"about":[{"href":"https:\/\/motelcarinhoso.com.br\/index.php?rest_route=\/wp\/v2\/types\/page"}],"author":[{"embeddable":true,"href":"https:\/\/motelcarinhoso.com.br\/index.php?rest_route=\/wp\/v2\/users\/1"}],"replies":[{"embeddable":true,"href":"https:\/\/motelcarinhoso.com.br\/index.php?rest_route=%2Fwp%2Fv2%2Fcomments&post=94"}],"version-history":[{"count":4,"href":"https:\/\/motelcarinhoso.com.br\/index.php?rest_route=\/wp\/v2\/pages\/94\/revisions"}],"predecessor-version":[{"id":142,"href":"https:\/\/motelcarinhoso.com.br\/index.php?rest_route=\/wp\/v2\/pages\/94\/revisions\/142"}],"wp:attachment":[{"href":"https:\/\/motelcarinhoso.com.br\/index.php?rest_route=%2Fwp%2Fv2%2Fmedia&parent=94"}],"curies":[{"name":"wp","href":"https:\/\/api.w.org\/{rel}","templated":true}]}}