{"id":24,"date":"2020-09-29T15:49:17","date_gmt":"2020-09-29T18:49:17","guid":{"rendered":"https:\/\/motelcarinhoso.com.br\/?page_id=24"},"modified":"2025-09-09T20:46:22","modified_gmt":"2025-09-09T23:46:22","slug":"home","status":"publish","type":"page","link":"https:\/\/motelcarinhoso.com.br\/","title":{"rendered":"Home"},"content":{"rendered":"\n\n  <div class=\"banner has-hover has-video\" id=\"banner-453686596\">\n          <div class=\"banner-inner fill\">\n        <div class=\"banner-bg fill\" >\n                        \t<div class=\"video-overlay no-click fill visible\"><\/div>\n\t<video class=\"video-bg fill visible\" preload playsinline autoplay muted loop>\n\t\t<source src=\"https:\/\/motelcarinhoso.com.br\/wp-content\/uploads\/2025\/09\/carinhosomotel.mp4\" type=\"video\/mp4\">\t<\/video>\n            <div class=\"overlay\"><\/div>            \n                    <\/div>\n\t\t\n        <div class=\"banner-layers container\">\n            <div class=\"fill banner-link\"><\/div>            \n\n   <div id=\"text-box-400017420\" class=\"text-box banner-layer x50 md-x50 lg-x50 y50 md-y50 lg-y50 res-text\">\n                     <div data-animate=\"fadeInUp\">           <div class=\"text-box-content text dark\">\n              \n              <div class=\"text-inner text-left\">\n                  \n\n<h2 style=\"text-align: center;\"><strong>Seu jeito CARINHOSO de viver..!<\/strong><\/h2>\n\n              <\/div>\n           <\/div>\n       <\/div>                     \n<style>\n#text-box-400017420 {\n  width: 60%;\n}\n#text-box-400017420 .text-box-content {\n  font-size: 100%;\n}\n@media (min-width:550px) {\n  #text-box-400017420 {\n    width: 65%;\n  }\n}\n<\/style>\n    <\/div>\n \n\n        <\/div>\n      <\/div>\n\n            \n<style>\n#banner-453686596 {\n  padding-top: 75%;\n}\n#banner-453686596 .overlay {\n  background-color: rgba(3, 3, 3, 0.52);\n}\n@media (min-width:550px) {\n  #banner-453686596 {\n    padding-top: 50%;\n  }\n}\n@media (min-width:850px) {\n  #banner-453686596 {\n    padding-top: 40%;\n  }\n}\n<\/style>\n  <\/div>\n\n\n\t<div id=\"gap-34803865\" class=\"gap-element clearfix\" style=\"display:block; height:auto;\">\n\t\t\n<style>\n#gap-34803865 {\n  padding-top: 35px;\n}\n@media (min-width:550px) {\n  #gap-34803865 {\n    padding-top: 30px;\n  }\n}\n<\/style>\n\t<\/div>\n\t\n\n<div class=\"text-center\"><div class=\"is-divider divider clearfix\" style=\"max-width:60px;\"><\/div><\/div>\n\n\n\t<section class=\"section\" id=\"section_1291584111\">\n\t\t<div class=\"section-bg fill\" >\n\t\t\t\t\t\t\t\t\t\n\t\t\t\n\n\t\t<\/div>\n\n\t\t\n\n\t\t<div class=\"section-content relative\">\n\t\t\t\n\n<div class=\"row row-collapse row-full-width\"  id=\"row-1801754992\">\n\n\n\t<div id=\"col-1910360627\" class=\"col medium-6 small-12 large-6\"  >\n\t\t\t\t<div class=\"col-inner\"  >\n\t\t\t\n\t\t\t\n\n\n  <div class=\"banner has-hover bg-overlay-add-50\" id=\"banner-2104950594\">\n          <div class=\"banner-inner fill\">\n        <div class=\"banner-bg fill\" >\n            <img loading=\"lazy\" decoding=\"async\" width=\"1020\" height=\"574\" src=\"https:\/\/motelcarinhoso.com.br\/wp-content\/uploads\/2020\/11\/15-1400x788.jpg\" class=\"bg attachment-large size-large\" alt=\"\" \/>                        <div class=\"overlay\"><\/div>            \n                    <\/div>\n\t\t\n        <div class=\"banner-layers container\">\n            <div class=\"fill banner-link\"><\/div>            \n\n\n        <\/div>\n      <\/div>\n\n            \n<style>\n#banner-2104950594 {\n  padding-top: 350px;\n}\n#banner-2104950594 .overlay {\n  background-color: rgba(0,0,0,.5);\n}\n<\/style>\n  <\/div>\n\n\n\n\t\t<\/div>\n\t\t\t\t\t<\/div>\n\n\t\n\n\t<div id=\"col-1022255275\" class=\"col medium-6 small-12 large-6\"  >\n\t\t\t\t<div class=\"col-inner\"  >\n\t\t\t\n\t\t\t\n\n\n  <div class=\"banner has-hover\" id=\"banner-549067793\">\n          <div class=\"banner-inner fill\">\n        <div class=\"banner-bg fill\" >\n                                                \n                    <\/div>\n\t\t\n        <div class=\"banner-layers container\">\n            <div class=\"fill banner-link\"><\/div>            \n\n   <div id=\"text-box-1907983703\" class=\"text-box banner-layer x50 md-x50 lg-x50 y50 md-y50 lg-y50 res-text\">\n                                <div class=\"text-box-content text \">\n              \n              <div class=\"text-inner text-center\">\n                  \n\n<h3 class=\"uppercase\"><span style=\"font-size: 150%; color: #ED1C24;\"><strong>HIPER PLUS<\/strong><\/span><\/h3>\n<p class=\"uppercase\" style=\"font-size: 120%;\">SU\u00cdTE DE ALTO PADR\u00c3O, POSSUI Piscina com Cascata, Sauna a Vapor, Frigobar, Cine-priv\u00ea, SOM, Ar Condicionado, Banheira de Hidromassagem e Linda Decora\u00e7\u00e3o.<\/p>\n<a href=\"https:\/\/motelcarinhoso.com.br\/?page_id=51\" class=\"button white is-larger\" >\n\t\t<span>VER +<\/span>\n\t<\/a>\n\n\n\n              <\/div>\n           <\/div>\n                            \n<style>\n#text-box-1907983703 {\n  width: 60%;\n}\n#text-box-1907983703 .text-box-content {\n  font-size: 100%;\n}\n<\/style>\n    <\/div>\n \n\n        <\/div>\n      <\/div>\n\n            \n<style>\n#banner-549067793 {\n  padding-top: 350px;\n  background-color: rgb(255,255,255);\n}\n<\/style>\n  <\/div>\n\n\n\n\t\t<\/div>\n\t\t\t\t\t<\/div>\n\n\t\n\n<\/div>\n<div class=\"row row-collapse row-full-width\"  id=\"row-1991338346\">\n\n\n\t<div id=\"col-1516502816\" class=\"col medium-6 small-12 large-6\"  >\n\t\t\t\t<div class=\"col-inner\"  >\n\t\t\t\n\t\t\t\n\n\n  <div class=\"banner has-hover\" id=\"banner-603941936\">\n          <div class=\"banner-inner fill\">\n        <div class=\"banner-bg fill\" >\n                                                \n                    <\/div>\n\t\t\n        <div class=\"banner-layers container\">\n            <div class=\"fill banner-link\"><\/div>            \n\n   <div id=\"text-box-1075442047\" class=\"text-box banner-layer x50 md-x50 lg-x50 y50 md-y50 lg-y50 res-text\">\n                                <div class=\"text-box-content text \">\n              \n              <div class=\"text-inner text-center\">\n                  \n\n<h3 class=\"uppercase\"><span style=\"font-size: 150%; color: #ed1c24;\"><strong>HIPER LUXO<\/strong><\/span><\/h3>\n<p class=\"uppercase\" style=\"font-size: 120%;\">SU\u00cdTE LUXO, POSSUI UMA PEQUENA PISCINA COM CASCATA, Banheira de Hidromassagem, Som, Frigobar, Cine-priv\u00ea, Ar Condicionado E Saleta de Refei\u00e7\u00f5es.<\/p>\n<a href=\"https:\/\/motelcarinhoso.com.br\/?page_id=76\" class=\"button white is-larger\" >\n\t\t<span>VER +<\/span>\n\t<\/a>\n\n\n\n              <\/div>\n           <\/div>\n                            \n<style>\n#text-box-1075442047 {\n  width: 60%;\n}\n#text-box-1075442047 .text-box-content {\n  font-size: 100%;\n}\n<\/style>\n    <\/div>\n \n\n        <\/div>\n      <\/div>\n\n            \n<style>\n#banner-603941936 {\n  padding-top: 340px;\n  background-color: rgb(255,255,255);\n}\n<\/style>\n  <\/div>\n\n\n\n\t\t<\/div>\n\t\t\t\t\t<\/div>\n\n\t\n\n\t<div id=\"col-715538156\" class=\"col medium-6 small-12 large-6 small-col-first\"  >\n\t\t\t\t<div class=\"col-inner\"  >\n\t\t\t\n\t\t\t\n\n\n  <div class=\"banner has-hover bg-overlay-add-50\" id=\"banner-1253549046\">\n          <div class=\"banner-inner fill\">\n        <div class=\"banner-bg fill\" >\n            <img loading=\"lazy\" decoding=\"async\" width=\"1020\" height=\"574\" src=\"https:\/\/motelcarinhoso.com.br\/wp-content\/uploads\/2020\/11\/06-3-1400x788.jpg\" class=\"bg attachment-large size-large\" alt=\"\" \/>                        <div class=\"overlay\"><\/div>            \n                    <\/div>\n\t\t\n        <div class=\"banner-layers container\">\n            <div class=\"fill banner-link\"><\/div>            \n\n\n        <\/div>\n      <\/div>\n\n            \n<style>\n#banner-1253549046 {\n  padding-top: 350px;\n}\n#banner-1253549046 .overlay {\n  background-color: rgba(0,0,0,.5);\n}\n<\/style>\n  <\/div>\n\n\n\n\t\t<\/div>\n\t\t\t\t\t<\/div>\n\n\t\n\n<\/div>\n<div class=\"row row-collapse row-full-width\"  id=\"row-380975292\">\n\n\n\t<div id=\"col-1896398158\" class=\"col medium-6 small-12 large-6\"  >\n\t\t\t\t<div class=\"col-inner\"  >\n\t\t\t\n\t\t\t\n\n\n  <div class=\"banner has-hover bg-overlay-add-50\" id=\"banner-1422655280\">\n          <div class=\"banner-inner fill\">\n        <div class=\"banner-bg fill\" >\n            <img loading=\"lazy\" decoding=\"async\" width=\"1020\" height=\"574\" src=\"https:\/\/motelcarinhoso.com.br\/wp-content\/uploads\/2020\/11\/07-1-1400x788.jpg\" class=\"bg attachment-large size-large\" alt=\"\" \/>                        <div class=\"overlay\"><\/div>            \n                    <\/div>\n\t\t\n        <div class=\"banner-layers container\">\n            <div class=\"fill banner-link\"><\/div>            \n\n\n        <\/div>\n      <\/div>\n\n            \n<style>\n#banner-1422655280 {\n  padding-top: 350px;\n}\n#banner-1422655280 .overlay {\n  background-color: rgba(0,0,0,.5);\n}\n#banner-1422655280 .banner-bg img {\n  object-position: 32% 100%;\n}\n<\/style>\n  <\/div>\n\n\n\n\t\t<\/div>\n\t\t\t\t\t<\/div>\n\n\t\n\n\t<div id=\"col-697163144\" class=\"col medium-6 small-12 large-6\"  >\n\t\t\t\t<div class=\"col-inner\"  >\n\t\t\t\n\t\t\t\n\n\n  <div class=\"banner has-hover\" id=\"banner-1951655534\">\n          <div class=\"banner-inner fill\">\n        <div class=\"banner-bg fill\" >\n                                                \n                    <\/div>\n\t\t\n        <div class=\"banner-layers container\">\n            <div class=\"fill banner-link\"><\/div>            \n\n   <div id=\"text-box-2073553994\" class=\"text-box banner-layer x50 md-x50 lg-x50 y50 md-y50 lg-y50 res-text\">\n                                <div class=\"text-box-content text \">\n              \n              <div class=\"text-inner text-center\">\n                  \n\n<h3 class=\"uppercase\"><span style=\"font-size: 150%; color: #ed1c24;\"><strong>EXECUTIVA<\/strong><\/span><\/h3>\n<p class=\"uppercase\" style=\"font-size: 120%;\">Su\u00edte exclusiva, COM\u00a0 Ar Condicionado, sauna, banheira de hidromassagem, Frigobar, Cine-priv\u00ea E SOM.<\/p>\n<a href=\"https:\/\/motelcarinhoso.com.br\/?page_id=94\" class=\"button white is-larger\" >\n\t\t<span>VER +<\/span>\n\t<\/a>\n\n\n\n              <\/div>\n           <\/div>\n                            \n<style>\n#text-box-2073553994 {\n  width: 60%;\n}\n#text-box-2073553994 .text-box-content {\n  font-size: 100%;\n}\n<\/style>\n    <\/div>\n \n\n        <\/div>\n      <\/div>\n\n            \n<style>\n#banner-1951655534 {\n  padding-top: 350px;\n  background-color: rgb(255,255,255);\n}\n<\/style>\n  <\/div>\n\n\n\n\t\t<\/div>\n\t\t\t\t\t<\/div>\n\n\t\n\n<\/div>\n<div class=\"row row-collapse row-full-width\"  id=\"row-25821809\">\n\n\n\t<div id=\"col-367286081\" class=\"col medium-6 small-12 large-6\"  >\n\t\t\t\t<div class=\"col-inner\"  >\n\t\t\t\n\t\t\t\n\n\n  <div class=\"banner has-hover\" id=\"banner-892741891\">\n          <div class=\"banner-inner fill\">\n        <div class=\"banner-bg fill\" >\n                                                \n                    <\/div>\n\t\t\n        <div class=\"banner-layers container\">\n            <div class=\"fill banner-link\"><\/div>            \n\n   <div id=\"text-box-1503939022\" class=\"text-box banner-layer x50 md-x50 lg-x50 y50 md-y50 lg-y50 res-text\">\n                                <div class=\"text-box-content text \">\n              \n              <div class=\"text-inner text-center\">\n                  \n\n<h3 class=\"uppercase\"><span style=\"font-size: 150%; color: #ed1c24;\"><strong>SUPER LUXO<\/strong><\/span><\/h3>\n<p class=\"uppercase\" style=\"font-size: 120%;\">UMA SUPER SU\u00cdTE, COM\u00a0 Ar Condicionado, Frigobar, Cine-priv\u00ea E SOM.<\/p>\n<a href=\"https:\/\/motelcarinhoso.com.br\/?page_id=102\" class=\"button white is-larger\" >\n\t\t<span>VER +<\/span>\n\t<\/a>\n\n\n\n              <\/div>\n           <\/div>\n                            \n<style>\n#text-box-1503939022 {\n  width: 60%;\n}\n#text-box-1503939022 .text-box-content {\n  font-size: 100%;\n}\n<\/style>\n    <\/div>\n \n\n        <\/div>\n      <\/div>\n\n            \n<style>\n#banner-892741891 {\n  padding-top: 340px;\n  background-color: rgb(255,255,255);\n}\n<\/style>\n  <\/div>\n\n\n\n\t\t<\/div>\n\t\t\t\t\t<\/div>\n\n\t\n\n\t<div id=\"col-112107465\" class=\"col medium-6 small-12 large-6 small-col-first\"  >\n\t\t\t\t<div class=\"col-inner\"  >\n\t\t\t\n\t\t\t\n\n\n  <div class=\"banner has-hover bg-overlay-add-50\" id=\"banner-1587520018\">\n          <div class=\"banner-inner fill\">\n        <div class=\"banner-bg fill\" >\n            <img loading=\"lazy\" decoding=\"async\" width=\"1020\" height=\"574\" src=\"https:\/\/motelcarinhoso.com.br\/wp-content\/uploads\/2020\/11\/06-1400x788.jpg\" class=\"bg attachment-large size-large\" alt=\"\" \/>                        <div class=\"overlay\"><\/div>            \n                    <\/div>\n\t\t\n        <div class=\"banner-layers container\">\n            <div class=\"fill banner-link\"><\/div>            \n\n\n        <\/div>\n      <\/div>\n\n            \n<style>\n#banner-1587520018 {\n  padding-top: 350px;\n}\n#banner-1587520018 .overlay {\n  background-color: rgba(0,0,0,.5);\n}\n#banner-1587520018 .banner-bg img {\n  object-position: 39% 0%;\n}\n<\/style>\n  <\/div>\n\n\n\n\t\t<\/div>\n\t\t\t\t\t<\/div>\n\n\t\n\n<\/div>\n\n\t\t<\/div>\n\n\t\t\n<style>\n#section_1291584111 {\n  padding-top: 30px;\n  padding-bottom: 30px;\n}\n<\/style>\n\t<\/section>\n\t\n\t<div id=\"gap-1032618792\" class=\"gap-element clearfix\" style=\"display:block; height:auto;\">\n\t\t\n<style>\n#gap-1032618792 {\n  padding-top: 0px;\n}\n@media (min-width:550px) {\n  #gap-1032618792 {\n    padding-top: 60px;\n  }\n}\n<\/style>\n\t<\/div>\n\t\n\n\n","protected":false},"excerpt":{"rendered":"","protected":false},"author":1,"featured_media":0,"parent":0,"menu_order":0,"comment_status":"closed","ping_status":"closed","template":"page-blank.php","meta":{"footnotes":""},"class_list":["post-24","page","type-page","status-publish","hentry"],"_hostinger_reach_plugin_has_subscription_block":false,"_hostinger_reach_plugin_is_elementor":false,"_links":{"self":[{"href":"https:\/\/motelcarinhoso.com.br\/index.php?rest_route=\/wp\/v2\/pages\/24","targetHints":{"allow":["GET"]}}],"collection":[{"href":"https:\/\/motelcarinhoso.com.br\/index.php?rest_route=\/wp\/v2\/pages"}],"about":[{"href":"https:\/\/motelcarinhoso.com.br\/index.php?rest_route=\/wp\/v2\/types\/page"}],"author":[{"embeddable":true,"href":"https:\/\/motelcarinhoso.com.br\/index.php?rest_route=\/wp\/v2\/users\/1"}],"replies":[{"embeddable":true,"href":"https:\/\/motelcarinhoso.com.br\/index.php?rest_route=%2Fwp%2Fv2%2Fcomments&post=24"}],"version-history":[{"count":22,"href":"https:\/\/motelcarinhoso.com.br\/index.php?rest_route=\/wp\/v2\/pages\/24\/revisions"}],"predecessor-version":[{"id":139,"href":"https:\/\/motelcarinhoso.com.br\/index.php?rest_route=\/wp\/v2\/pages\/24\/revisions\/139"}],"wp:attachment":[{"href":"https:\/\/motelcarinhoso.com.br\/index.php?rest_route=%2Fwp%2Fv2%2Fmedia&parent=24"}],"curies":[{"name":"wp","href":"https:\/\/api.w.org\/{rel}","templated":true}]}}