{"id":114,"date":"2020-11-25T11:31:27","date_gmt":"2020-11-25T14:31:27","guid":{"rendered":"https:\/\/motelcarinhoso.com.br\/?page_id=114"},"modified":"2025-09-15T14:12:27","modified_gmt":"2025-09-15T17:12:27","slug":"contato","status":"publish","type":"page","link":"https:\/\/motelcarinhoso.com.br\/?page_id=114","title":{"rendered":"Contato"},"content":{"rendered":"\n\n\t<section class=\"section dark\" id=\"section_1184908679\">\n\t\t<div class=\"section-bg fill\" >\n\t\t\t<img loading=\"lazy\" decoding=\"async\" width=\"1920\" height=\"1080\" src=\"https:\/\/motelcarinhoso.com.br\/wp-content\/uploads\/2020\/11\/06-4.jpg\" class=\"bg attachment- size-\" alt=\"\" \/>\t\t\t\t\t\t<div class=\"section-bg-overlay absolute fill\"><\/div>\n\t\t\t\n\n\t\t<\/div>\n\n\t\t\n\n\t\t<div class=\"section-content relative\">\n\t\t\t\n\n<div class=\"row\"  id=\"row-1159927993\">\n\n\n\t<div id=\"col-961025005\" class=\"col small-12 large-12\"  >\n\t\t\t\t<div class=\"col-inner text-center\"  >\n\t\t\t\n\t\t\t\n\n<h2 style=\"font-size:200%;\">CONTATO<\/h2>\n\n\t\t<\/div>\n\t\t\t\t\n<style>\n#col-961025005 > .col-inner {\n  padding: 20px 0px 0px 0px;\n}\n<\/style>\n\t<\/div>\n\n\t\n\n<\/div>\n\n\t\t<\/div>\n\n\t\t\n<style>\n#section_1184908679 {\n  padding-top: 140px;\n  padding-bottom: 140px;\n  background-color: rgb(40, 40, 40);\n}\n#section_1184908679 .section-bg-overlay {\n  background-color: rgba(0, 0, 0, 0.3);\n}\n#section_1184908679 .section-bg img {\n  object-position: 49% 24%;\n}\n<\/style>\n\t<\/section>\n\t\n\n\t<section class=\"section\" id=\"section_1285628430\">\n\t\t<div class=\"section-bg fill\" >\n\t\t\t\t\t\t\t\t\t\n\t\t\t\n\n\t\t<\/div>\n\n\t\t\n\n\t\t<div class=\"section-content relative\">\n\t\t\t\n\n<div class=\"row\"  id=\"row-1358279790\">\n\n\n\t<div id=\"col-1707755275\" class=\"col small-12 large-12\"  >\n\t\t\t\t<div class=\"col-inner\"  >\n\t\t\t\n\t\t\t\n\n<div class=\"row align-equal\"  id=\"row-1613370800\">\n\n\n\t<div id=\"col-661187566\" class=\"col medium-6 small-12 large-6\"  >\n\t\t\t\t<div class=\"col-inner text-center\"  >\n\t\t\t\n\t\t\t\n\n\n\t\t<div class=\"icon-box featured-box icon-box-center text-center\"  >\n\t\t\t\t\t<div class=\"icon-box-img\" style=\"width: 60px\">\n\t\t\t\t<div class=\"icon\">\n\t\t\t\t\t<div class=\"icon-inner\" >\n\t\t\t\t\t\t<img loading=\"lazy\" decoding=\"async\" width=\"400\" height=\"400\" src=\"https:\/\/motelcarinhoso.com.br\/wp-content\/uploads\/2020\/11\/phone-400x400.png\" class=\"attachment-medium size-medium\" alt=\"\" srcset=\"https:\/\/motelcarinhoso.com.br\/wp-content\/uploads\/2020\/11\/phone-400x400.png 400w, https:\/\/motelcarinhoso.com.br\/wp-content\/uploads\/2020\/11\/phone-280x280.png 280w, https:\/\/motelcarinhoso.com.br\/wp-content\/uploads\/2020\/11\/phone-300x300.png 300w, https:\/\/motelcarinhoso.com.br\/wp-content\/uploads\/2020\/11\/phone-100x100.png 100w, https:\/\/motelcarinhoso.com.br\/wp-content\/uploads\/2020\/11\/phone.png 512w\" sizes=\"auto, (max-width: 400px) 100vw, 400px\" \/>\t\t\t\t\t<\/div>\n\t\t\t\t<\/div>\n\t\t\t<\/div>\n\t\t\t\t<div class=\"icon-box-text last-reset\">\n\t\t\t\t\t\t\t\t\t\n\n<h4>CONTATO<\/h4>\n<p>D\u00favidas? Ligue agora e entre em contato conosco!<\/p>\n\t<div id=\"gap-2040086902\" class=\"gap-element clearfix\" style=\"display:block; height:auto;\">\n\t\t\n<style>\n#gap-2040086902 {\n  padding-top: 20px;\n}\n<\/style>\n\t<\/div>\n\t\n\n<a href=\"tel:+552733610080\" target=\"_blank\" class=\"button primary is-outline\" rel=\"noopener\" >\n\t\t<span>(027) 3361-0080<\/span>\n\t<\/a>\n\n\n\n\t\t<\/div>\n\t<\/div>\n\t\n\t\n\n\t\t<\/div>\n\t\t\t\t\t<\/div>\n\n\t\n\n\t<div id=\"col-2113192262\" class=\"col medium-6 small-12 large-6\"  >\n\t\t\t\t<div class=\"col-inner text-center\"  >\n\t\t\t\n\t\t\t\n\n\n\t\t<div class=\"icon-box featured-box icon-box-center text-center\"  >\n\t\t\t\t\t<div class=\"icon-box-img\" style=\"width: 60px\">\n\t\t\t\t<div class=\"icon\">\n\t\t\t\t\t<div class=\"icon-inner\" >\n\t\t\t\t\t\t<img loading=\"lazy\" decoding=\"async\" width=\"400\" height=\"400\" src=\"https:\/\/motelcarinhoso.com.br\/wp-content\/uploads\/2020\/11\/pernoite-400x400.png\" class=\"attachment-medium size-medium\" alt=\"\" srcset=\"https:\/\/motelcarinhoso.com.br\/wp-content\/uploads\/2020\/11\/pernoite-400x400.png 400w, https:\/\/motelcarinhoso.com.br\/wp-content\/uploads\/2020\/11\/pernoite-280x280.png 280w, https:\/\/motelcarinhoso.com.br\/wp-content\/uploads\/2020\/11\/pernoite-300x300.png 300w, https:\/\/motelcarinhoso.com.br\/wp-content\/uploads\/2020\/11\/pernoite-100x100.png 100w, https:\/\/motelcarinhoso.com.br\/wp-content\/uploads\/2020\/11\/pernoite.png 512w\" sizes=\"auto, (max-width: 400px) 100vw, 400px\" \/>\t\t\t\t\t<\/div>\n\t\t\t\t<\/div>\n\t\t\t<\/div>\n\t\t\t\t<div class=\"icon-box-text last-reset\">\n\t\t\t\t\t\t\t\t\t\n\n<h4>PERNOITES<\/h4>\n<p>Realizamos pernoite de domingo \u00e0 quinta-feira. Dura\u00e7\u00e3o das 19:00hs \u00e0s 09:00 da manh\u00e3\u00a0<b>(Consulte-nos para os meses de Dezembro, Janeiro, Fevereiro e Feriados)<\/b>.<\/p>\n\t<div id=\"gap-1006811382\" class=\"gap-element clearfix\" style=\"display:block; height:auto;\">\n\t\t\n<style>\n#gap-1006811382 {\n  padding-top: 20px;\n}\n<\/style>\n\t<\/div>\n\t\n\n\n\t\t<\/div>\n\t<\/div>\n\t\n\t\n\n\t\t<\/div>\n\t\t\t\t\t<\/div>\n\n\t\n\n\t<div id=\"col-1166171510\" class=\"col small-12 large-12\"  >\n\t\t\t\t<div class=\"col-inner text-left\"  >\n\t\t\t\n\t\t\t\n\n\n\n<iframe src=\"https:\/\/www.google.com\/maps\/embed?pb=!1m18!1m12!1m3!1d2371.5316961451063!2d-40.5033087837411!3d-20.655216130197026!2m3!1f0!2f0!3f0!3m2!1i1024!2i768!4f13.1!3m3!1m2!1s0xb857080cbaaaab%3A0xc1df6f48b8229e86!2sMotel%20Carinhoso!5e0!3m2!1spt-BR!2sbr!4v1757956250677!5m2!1spt-BR!2sbr\" width=\"100%\" height=\"450\" style=\"border:0;\" allowfullscreen=\"\" loading=\"lazy\" referrerpolicy=\"no-referrer-when-downgrade\"><\/iframe>\n\n\n\t\t<\/div>\n\t\t\t\t\n<style>\n#col-1166171510 > .col-inner {\n  margin: 0px 0px 0px 0px;\n}\n<\/style>\n\t<\/div>\n\n\t\n\n\n<style>\n#row-1613370800 > .col > .col-inner {\n  padding: 40px 40px 40px 40px;\n  background-color: rgb(255,255,255);\n}\n<\/style>\n<\/div>\n\n\t\t<\/div>\n\t\t\t\t\n<style>\n#col-1707755275 > .col-inner {\n  margin: -100px 0px 0px 0px;\n}\n<\/style>\n\t<\/div>\n\n\t\n\n<\/div>\n<div class=\"row\"  id=\"row-1864514215\">\n\n\n\t<div id=\"col-874843821\" class=\"col small-12 large-12\"  >\n\t\t\t\t<div class=\"col-inner text-center\"  >\n\t\t\t\n\t\t\t\n\n<h4>Endere\u00e7o:<\/h4>\n<p>Av. Jo\u00e3o Ricardo Haddad, 409 \u2013 Muqui\u00e7aba \u2013 Guarapari \u2013 ES<\/p>\n\n\t\t<\/div>\n\t\t\t\t\t<\/div>\n\n\t\n\n<\/div>\n\n\t\t<\/div>\n\n\t\t\n<style>\n#section_1285628430 {\n  padding-top: 30px;\n  padding-bottom: 30px;\n  background-color: rgb(244, 244, 244);\n}\n<\/style>\n\t<\/section>\n\t\n\n","protected":false},"excerpt":{"rendered":"","protected":false},"author":1,"featured_media":0,"parent":0,"menu_order":0,"comment_status":"closed","ping_status":"closed","template":"page-blank.php","meta":{"footnotes":""},"class_list":["post-114","page","type-page","status-publish","hentry"],"_hostinger_reach_plugin_has_subscription_block":false,"_hostinger_reach_plugin_is_elementor":false,"_links":{"self":[{"href":"https:\/\/motelcarinhoso.com.br\/index.php?rest_route=\/wp\/v2\/pages\/114","targetHints":{"allow":["GET"]}}],"collection":[{"href":"https:\/\/motelcarinhoso.com.br\/index.php?rest_route=\/wp\/v2\/pages"}],"about":[{"href":"https:\/\/motelcarinhoso.com.br\/index.php?rest_route=\/wp\/v2\/types\/page"}],"author":[{"embeddable":true,"href":"https:\/\/motelcarinhoso.com.br\/index.php?rest_route=\/wp\/v2\/users\/1"}],"replies":[{"embeddable":true,"href":"https:\/\/motelcarinhoso.com.br\/index.php?rest_route=%2Fwp%2Fv2%2Fcomments&post=114"}],"version-history":[{"count":11,"href":"https:\/\/motelcarinhoso.com.br\/index.php?rest_route=\/wp\/v2\/pages\/114\/revisions"}],"predecessor-version":[{"id":146,"href":"https:\/\/motelcarinhoso.com.br\/index.php?rest_route=\/wp\/v2\/pages\/114\/revisions\/146"}],"wp:attachment":[{"href":"https:\/\/motelcarinhoso.com.br\/index.php?rest_route=%2Fwp%2Fv2%2Fmedia&parent=114"}],"curies":[{"name":"wp","href":"https:\/\/api.w.org\/{rel}","templated":true}]}}